{"id":5523,"date":"2021-01-15T13:33:31","date_gmt":"2021-01-15T13:33:31","guid":{"rendered":"https:\/\/frequence-tv.ch\/?page_id=5523"},"modified":"2023-01-23T17:48:03","modified_gmt":"2023-01-23T17:48:03","slug":"cgv","status":"publish","type":"page","link":"https:\/\/frequence-tv.ch\/en\/cgv\/","title":{"rendered":"CGV"},"content":{"rendered":"<h1><strong>CGV<\/strong><\/h1>\n<h4><strong>Conditions g\u00e9n\u00e9rales de vente :<\/strong><\/h4>\n<p>Ces Conditions G\u00e9n\u00e9rales de Vente r\u00e9gissent les relations entre le client et ses repr\u00e9sentants (ci apr\u00e8s \u201cle client\u201d), et la soci\u00e9t\u00e9 Fr\u00e9quence TV SA (ci apr\u00e8s FTV).<\/p>\n<p>FTV offre 5 types de prestations:<\/p>\n<ol>\n<li><strong>Vente de mat\u00e9riel uniquement, sans livraison, ni installation ou programmation<\/strong><\/li>\n<li><strong>Vente de mat\u00e9riel avec livraison, sans installation ni programmation<\/strong><\/li>\n<li><strong>Vente de mat\u00e9riel avec livraison et installation, sans programmation<\/strong><\/li>\n<li><strong>Vente de mat\u00e9riel avec livraison, installation et programmation<\/strong><\/li>\n<li><strong>Service-apr\u00e8s-Vente incluant D\u00e9pannages et Maintenance avec ou sans contrat<\/strong><\/li>\n<\/ol>\n<p>Les conditions suivantes sont applicables pour toutes les prestations \u00e0 moins que des conventions divergentes aient \u00e9t\u00e9 stipul\u00e9es par \u00e9crit.<\/p>\n<p>Les conditions g\u00e9n\u00e9rales \u00e9manant du client ne seront accept\u00e9es que si FTV y consent par \u00e9crit.<\/p>\n<p>En fonction du type de prestation, les pr\u00e9sentes Conditions G\u00e9n\u00e9rales de Vente sont compl\u00e9t\u00e9es par des clauses suppl\u00e9mentaires ou sp\u00e9ciales dans les contrats correspondants. Ce document est constitu\u00e9 de 2 pages.<\/p>\n<h4><strong>Conditions G\u00e9n\u00e9rales globales<\/strong><\/h4>\n<p><strong>Prix :<\/strong><\/p>\n<p>La validit\u00e9 de nos offres est de 1 mois. Les prix s&#8217;entendent en Francs suisses, hors taxes. Nous nous r\u00e9servons le droit de modifier nos prix sans pr\u00e9avis en cas de changement \u00e9conomique ou de r\u00e9glementation affectant directement ou indirectement la commercialisation des produits de FTV.<\/p>\n<p><strong>Devoir d\u2019information du client :<\/strong><\/p>\n<p>Le client doit attirer \u00e0 temps l\u2019attention de FTV sur les imp\u00e9ratifs techniques particuliers ainsi que sur les prescriptions l\u00e9gales, administratives et autres applicables au lieu de la prestation, dans la mesure o\u00f9 celles-ci sont pertinentes, en particulier sur l\u2019avanc\u00e9e des chantiers. Si FTV n\u2019est pas \u00e9t\u00e9 averti au moins 24h \u00e0 l\u2019avance qu\u2019une prestation convenue avec le client ne peut \u00eatre ex\u00e9cut\u00e9e en bonne forme, cette derni\u00e8re sera, en principe, factur\u00e9e ou les heures imput\u00e9es au forfait accept\u00e9 par le client.<\/p>\n<p><strong>Commande :<\/strong><\/p>\n<p>Toute commande, pour \u00eatre prise en compte, devra \u00eatre confirm\u00e9e par \u00e9crit par le client aupr\u00e8s de la soci\u00e9t\u00e9 FTV. En passant commande, le client reconna\u00eet avoir pris connaissance de ces Conditions G\u00e9n\u00e9rales de Vente et de livraison.<\/p>\n<p>Les modifications ou annulations peuvent intervenir uniquement sur entente entre les deux parties.<\/p>\n<p>Toute modification ou annulation est exclue lorsqu&#8217;il s\u2019agit de commandes sp\u00e9ciales.<\/p>\n<p><strong>Etudes techniques :<\/strong><\/p>\n<p>Les \u00e9tudes techniques sp\u00e9cialement demand\u00e9es par un client potentiel pourront \u00eatre factur\u00e9es \u00e0 ce dernier si elles ne sont pas suivies d&#8217;une commande correspondant \u00e0 sa demande.<\/p>\n<p><strong>\u00c9chantillons de mat\u00e9riel :<\/strong><\/p>\n<p>Si FTV met \u00e0 disposition du client des \u00e9chantillons standards, Ie client doit les retourner dans un d\u00e9lai de quarante-cinq jours. Le mat\u00e9riel qui n&#8217;aura pas \u00e9t\u00e9 retourn\u00e9 dans ce d\u00e9lai ou qui aurait \u00e9t\u00e9 modifi\u00e9 ou endommag\u00e9, sera factur\u00e9 au client.<\/p>\n<p>Les \u00e9chantillons fabriqu\u00e9s sp\u00e9cialement \u00e0 la demande d&#8217;un client seront factur\u00e9s s\u00e9par\u00e9ment si aucune commande correspondante n&#8217;est pass\u00e9e par la suite.<\/p>\n<p><strong>Conditions de paiement :<\/strong><\/p>\n<p>Pour les projets r\u00e9alis\u00e9s par FTV, les conditions de paiement sont : 60 % \u00e0 la commande, 30 % au d\u00e9but du chantier et 10 % lors de la mise en service. Les factures sont \u00e9tablies pour paiement \u00e0 15 jours net.<\/p>\n<p>Un int\u00e9r\u00eat moratoire de 7 % annuel est per\u00e7u d\u00e8s le d\u00e9passement de la date d&#8217;\u00e9ch\u00e9ance\u00a0 de la facture. Les frais engendr\u00e9s par les retards sont de CHF 50.00 par rappel. Suite au 2\u00e8me rappel, la facture est transf\u00e9r\u00e9e \u00e0 un service de recouvrement externe.<\/p>\n<p><strong>Horaires des prestations :<\/strong><\/p>\n<p>Nos prestations sont calcul\u00e9es selon les heures ouvr\u00e9es. Les suppl\u00e9ments horaires seront compt\u00e9s pour le travail du samedi, de nuit, du dimanche et des jours f\u00e9ri\u00e9s selon la r\u00e9glementation en vigueur.<\/p>\n<p><strong>Travail en r\u00e9gie :<\/strong><\/p>\n<p>Si une intervention est demand\u00e9e mais que l&#8217;avanc\u00e9e des travaux, l&#8217;\u00e9tat des lieux ou leur accessibilit\u00e9 ne nous permettent pas de travailler, nous nous r\u00e9servons le droit de facturer le d\u00e9placement et le temps perdu, selon les tarifs en vigueur.<\/p>\n<p>Nous nous r\u00e9servons le droit de facturer le temps pass\u00e9 \u00e0 diagnostiquer et r\u00e9soudre des probl\u00e8mes li\u00e9s au r\u00e9seau \u00e9lectrique ou informatique, aux tableaux \u00e9lectriques, au c\u00e2blage des stores ou des portes, ou au chauffage, etc (liste non exclusive) au tarif horaire de CHF 200.<\/p>\n<p><strong>Protection des donn\u00e9es :<\/strong><\/p>\n<p>En application avec la Loi f\u00e9d\u00e9rale sur la protection des donn\u00e9es (LPD), les donn\u00e9es nominatives qui sont demand\u00e9es aux clients sont n\u00e9cessaires au traitement de ses commandes et sont destin\u00e9es \u00e0 un usage interne par FTV. Le client peut en tout temps exiger la suppression de ces donn\u00e9es aupr\u00e8s de FTV.<\/p>\n<p><strong>Dommages-int\u00e9r\u00eats :<\/strong><\/p>\n<p>Le client peut pr\u00e9tendre \u00e0 des dommages-int\u00e9r\u00eats uniquement pour les d\u00e9fauts et les dommages qui ont \u00e9t\u00e9 caus\u00e9s par une mauvaise intention ou par une n\u00e9gligence grave de notre part. Notre responsabilit\u00e9 est limit\u00e9e \u00e0 ce dommage pr\u00e9visible et \u00e0 la n\u00e9gligence grave. Toute autre garantie et responsabilit\u00e9 est express\u00e9ment exclue.<\/p>\n<p><strong>Code des obligations :<\/strong><\/p>\n<p>A I&#8217;exception de dispositions particuli\u00e8res, les pr\u00e9sentes conditions de vente et de livraison sont r\u00e9gies par le Code F\u00e9d\u00e9ral des Obligations.<\/p>\n<p><strong>Droit application et for :<\/strong><\/p>\n<p>Toutes les relations de droit entre le client et FTV sont soumises au Droit suisse. Le lieu d&#8217;ex\u00e9cution et le for de juridiction sont \u00e0 Nyon.<\/p>\n<ol>\n<li>\n<h4><strong>Vente de mat\u00e9riel uniquement, sans livraison, ni installation ou programmation :<\/strong><\/h4>\n<\/li>\n<\/ol>\n<p>En sus des conditions mentionn\u00e9es ci-dessus, les points suivants s\u2019appliquent \u00e0 cette prestation.<\/p>\n<p><strong>R\u00e9clamations quant au mat\u00e9riel :<\/strong><\/p>\n<p>Des r\u00e9clamations concernant des livraisons en quantit\u00e9 insufisante ou erron\u00e9e, ainsi que des d\u00e9fauts \u00e9ventuels, ne peuvent \u00eatre prises en consid\u00e9ration que si le destinataire les communique par \u00e9crit \u00e0 FTV, dans un d\u00e9lai de sept jours ouvr\u00e9s \u00e0 compter de la date de livraison. Les vices cach\u00e9s imm\u00e9diatement apr\u00e8s leur d\u00e9couverte. Si ces d\u00e9lais sont d\u00e9pass\u00e9s, tous les droits \u00e0 la garantie s&#8217;annulent. Dans tous les cas, le droit de r\u00e9clamation expire 6 mois apr\u00e8s la r\u00e9ception de la marchandise.<\/p>\n<p>Si les r\u00e9clamations sont justifi\u00e9es, FTV livrera les quantit\u00e9s manquantes, \u00e9changera les produits concern\u00e9s ou accordera au client une r\u00e9duction raisonnable du prix.<\/p>\n<p><strong>Retours de mat\u00e9riel :<\/strong><\/p>\n<p>Les retours de mat\u00e9riel sont accept\u00e9s selon nos conditions pour le retour des marchandises. Le mat\u00e9riel sera retourn\u00e9, \u00e0 la charge du client, dans son emballage d&#8217;origine et \u00e0 l&#8217;\u00e9tat de neuf, faute de quoi il sera factur\u00e9. Les ex\u00e9cutions sp\u00e9ciales ou modifi\u00e9es (couleur ou ex\u00e9cution) ne pourront \u00eatre retourn\u00e9es par le client sans accord pr\u00e9alable \u00e9crit de FTV. Les appareils endommag\u00e9s par le client seront factur\u00e9s dans tous les cas.<\/p>\n<p><strong>Garantie du mat\u00e9riel :<\/strong><\/p>\n<p>La dur\u00e9e de la garantie est de 2 ans \u00e0 compter de la date de livraison. FTV se r\u00e9serve le droit de d\u00e9cider de I\u2019application des garanties apr\u00e8s examen du mat\u00e9riel. Pour le mat\u00e9riel reconnu d\u00e9fectueux, FTV pourra choisir de remplacer les composants d\u00e9fectueux ou d&#8217;organiser un \u00e9change complet.<\/p>\n<p>Le client ne pourra faire valoir des frais annexes \u00e0 la pr\u00e9sente garantie (frais de d\u00e9montage et de r\u00e9installation, transport, programmation, etc).<\/p>\n<p>L\u2019extension de garantie est possible \u00e0 5 ans moyennant suppl\u00e9ment.<\/p>\n<p><strong>Exclusions :<\/strong><\/p>\n<p>Sont exclus de la garantie les cas d&#8217;utilisation non conforme \u00e0 l&#8217;utilisation pr\u00e9vu\u00a0 du\u00a0 mat\u00e9riel, d\u00e9g\u00e2ts naturel ou surnaturel, le mat\u00e9riel est consid\u00e9r\u00e9 livr\u00e9 lorsque il est install\u00e9 sur le chantier ou chez le client et FTV est d\u00e8s lors lib\u00e9r\u00e9 de toute responsabilit\u00e9. La charge revient au responsable de chantier ou client. Cette liste n\u2019est pas exhaustive.<\/p>\n<p>En particulier FTV ne pourra \u00eatre tenu responsable du bon fonctionnement de l\u2019installation \u00e9lectrique fournie.<\/p>\n<p>Le mat\u00e9riel expos\u00e9 \u00e0 une usure naturelle ou \u00e0 un vieillissement normal, telles que des batteries, est \u00e9galement exclu de la garantie. Tous les dommages subis par Ie client pour cause de dysfonctionnement de I\u2019instalIation ou de travaux effectu\u00e9s sur I\u2019instaIIation durant la maintenance ne pourront \u00eatre imput\u00e9s \u00e2 FTV.<\/p>\n<p>Le mat\u00e9riel pos\u00e9 est consid\u00e9r\u00e9 comme livr\u00e9. Tout d\u00e9placement\/r\u00e9installation suite \u00e0 des demandes ult\u00e9rieures fera, en principe, soit l\u2019objet d\u2019un devis compl\u00e9mentaire, soit sera factur\u00e9 en r\u00e9gie.<\/p>\n<ol start=\"2\">\n<li>\n<h4><strong>Vente de mat\u00e9riel avec livraison, sans installation ni programmation :<\/strong><\/h4>\n<\/li>\n<\/ol>\n<p>En sus des conditions mentionn\u00e9es ci-dessus, les points suivants s\u2019appliquent \u00e0 cette prestation<\/p>\n<p><strong>Frais de livraison de mat\u00e9riel :<\/strong><\/p>\n<p>Sans prestation d\u2019installation ou de programmation fournie de la part de FTV, le mat\u00e9riel sera livr\u00e9, entre Morges et Gen\u00e8ve Rive Gauche, franco domicile au niveau d&#8217;acc\u00e8s du b\u00e2timent. Le client mettra \u00e0 disposition, \u00e0 ses frais, le personnel n\u00e9cessaire pour le d\u00e9chargement. Pour toute commande inf\u00e9rieure \u00e0 CHF 500.-, des frais incluant port et emballage seront factur\u00e9s au client.<\/p>\n<p>Pour toute livraison au-del\u00e0 de ce p\u00e9rim\u00e8tre, des frais de livraison pourront \u00eatre factur\u00e9s, m\u00eame pour des commandes dont le montant d\u00e9passerait CHF 500.-.<\/p>\n<p><strong>D\u00e9lais de livraison :<\/strong><\/p>\n<p>Les d\u00e9lais de livraison tant du mat\u00e9riel que des prestations, lorsqu&#8217;ils sont mentionn\u00e9s,\u00a0 sont donn\u00e9s \u00e0 titre indicatif et ne sont pas contractuels. En cas de retard dans la livraison, le client ne pourra, en aucun cas, r\u00e9clamer des dommages, int\u00e9r\u00eats ou indemnit\u00e9s quels qu&#8217;ils soient, sauf en cas de convention \u00e9crite pr\u00e9alablement n\u00e9goci\u00e9e entre les parties.<\/p>\n<p>FTV peut en cas de besoin proc\u00e9der \u00e0 des livraisons partielles.<\/p>\n<p>L\u2019ex\u00e9cution par FTV de toutes ses obligations de livraison sera suspendue en cas de survenance d\u2019un cas fortuit ou de force majeure, de perturbations de la production, de gr\u00e8ves et d\u2019autres \u00e9v\u00e9nements de toutes natures dont FTV ou le fournisseur ne seraient responsables.<\/p>\n<p>Des frais suppl\u00e9mentaires pour des livraisons express sont sans exception \u00e0 la charge du client. Les risques sont \u00e0 la charge du client d\u00e8s que la marchandise a \u00e9t\u00e9 remise au transporteur.<\/p>\n<ol start=\"3\">\n<li>\n<h4><strong>Vente de mat\u00e9riel avec livraison et installation, sans programmation<\/strong><\/h4>\n<\/li>\n<\/ol>\n<p>En sus des conditions mentionn\u00e9es ci-dessus, les points suivants s\u2019appliquent \u00e0 cette prestation.<\/p>\n<p><strong>Prestations d\u2019installations :<\/strong><\/p>\n<p>L\u2019installation du mat\u00e9riel command\u00e9 aupr\u00e8s de FTV se fait par les Techniciens de FTV. Sont exclus et de ce fait, \u00e0 la charge du client, le tirage et fourniture des c\u00e2bles.<\/p>\n<p>Le client est responsable que les lieux de l\u2019intervention s\u2019y pr\u00eatent sans retard et dans des conditions normales, en particulier en ce qui concerne et sans \u00eatre exhaustif, la finition des murs, des plafonds, des sols et des installations \u00e9lectriques. Si une prestation ne devait pouvoir s\u2019effectuer \u00e0 cause d\u2019un \u00e9tat incompatible des lieux (retard dans les travaux, inaccessibilit\u00e9 etc.), et que FTV n\u2019aura pas \u00e9t\u00e9 inform\u00e9 au moins 24h \u00e0 l\u2019avance, les heures perdues seront, en principe, imput\u00e9es au forfait d\u2019heures pr\u00e9vues dans l\u2019offre accept\u00e9e par le client. De m\u00eame, le temps pass\u00e9 \u00e0 r\u00e9soudre des probl\u00e8mes \u00e9lectriques ou de r\u00e9seau informatique sera, en principe, imput\u00e9 au forfait d\u2019heures pr\u00e9vues dans l\u2019offre accept\u00e9e.<\/p>\n<p>Une fois le forfait d\u2019heures \u00e9puis\u00e9, FTV se r\u00e9serve le droit de facturer les heures en plus en r\u00e9gie, selon le tarif en vigueur.<\/p>\n<ol start=\"4\">\n<li>\n<h4><strong>Vente de mat\u00e9riel avec livraison, installation et programmation<\/strong><\/h4>\n<\/li>\n<\/ol>\n<p>En sus des conditions mentionn\u00e9es ci-dessus, les points suivants s\u2019appliquent \u00e0 cette prestation.<\/p>\n<p><strong>Prestations de programmation :<\/strong><\/p>\n<p>La programmation se fait par les Programmeurs de FTV. Pour chaque chantier, les sc\u00e9narios \u00e0 programmer sont d\u00e9finis avec le client, programm\u00e9s et d\u00e9ploy\u00e9s par les Programmeurs de FTV. Une mise au point et un ajustement pr\u00e9-final sont effectu\u00e9s apr\u00e8s que la programmation ait \u00e9t\u00e9 pr\u00e9sent\u00e9e au client.<\/p>\n<p>Toute demande de changement de programmation ult\u00e9rieure \u00e0 la remise d\u2019installation fera, en principe, l\u2019objet d\u2019un devis compl\u00e9mentaire ou se fera en heure de r\u00e9gie selon le tarif plein appliqu\u00e9 par FTV..<\/p>\n<p>Aucune garantie quant \u00e0 la programmation n\u2019est fournie si le client ou une tierce partie modifie les param\u00e9trages de la programmation.<\/p>\n<ol start=\"5\">\n<li>\n<h4><strong>D\u00e9pannages et Service-apr\u00e8s-Vente<\/strong><\/h4>\n<\/li>\n<\/ol>\n<p><strong>Validit\u00e9 des devis de r\u00e9paration :<\/strong><\/p>\n<p>La validit\u00e9 des offres et devis est de 1 mois, si pendant ce laps de temps le mat\u00e9riel de remplacement n\u00e9cessaire \u00e0 la r\u00e9solution de la panne devenait indisponible sur le march\u00e9, le devis deviendrait caduc. Une solution d\u2019\u00e9change avec de nouveaux co\u00fbts sera alors propos\u00e9e au client par FTV qui ne pourra \u00eatre tenu responsable de la situation.<\/p>\n<p>Les offres \u00e0 validit\u00e9 illimit\u00e9e restent sans engagement jusqu\u2019\u00e0 la date de la confirmation de la commande.<\/p>\n<p><strong>Demandes de d\u00e9pannages :<\/strong><\/p>\n<p>Toute demande de d\u00e9pannage doit \u00eatre faite par e-mail \u00e0 l\u2019adresse technique@frequence-tv.ch ou par appel au +41 22 369 42 02 afin d\u2019activer la proc\u00e9dure standard et usuelle de FTV.<\/p>\n<p>Afin d\u2019\u00e9viter toute erreur, les demandes doivent imp\u00e9rativement contenir les \u00e9l\u00e9ments suivants :<\/p>\n<ol>\n<li>Nom du clients et site o\u00f9 se trouve la panne<\/li>\n<li>Pr\u00e9sence d\u2019un contrat de maintenance ou non<\/li>\n<li>Date de la panne (et non pas la date de l\u2019annonce, qui elle, est d\u00e9j\u00e0 connue par l\u2019e-mail d\u2019annonce du client)<\/li>\n<li>Description d\u00e9taill\u00e9e de la panne et ses circonstances, en particulier si d\u2019autres appareils (fournis par FTV ou une tierce partie) se trouvent dans l\u2019installation.<\/li>\n<li>Coordonn\u00e9es compl\u00e8tes de la personne qui va g\u00e9rer la venue de nos techniciens Toute information erron\u00e9e ou manquante qui entra\u00eenerait des pertes de temps ou des surco\u00fbts seront, en principe, refactur\u00e9s au client.<\/li>\n<\/ol>\n<p>Toute demande n\u2019ayant pas de suivi de la part du demandeur peut \u00eatre close automatiquement apr\u00e8s 30 jours d\u2019attente selon avertissement pr\u00e9alable de 5 jours de la part de FTV. Le degr\u00e9 d\u2019urgence sera \u00e9galement estim\u00e9 par FTV lors de la r\u00e9ception de la demande de panne.<\/p>\n<p><strong>Devis technique :<\/strong><\/p>\n<p>Un appareillage d\u00e9fectueux retir\u00e9 lors d\u2019un d\u00e9pannage ou apport\u00e9 directement \u00e0 notre succursale par le client qui doit faire l\u2019objet d\u2019un devis, comportera les frais de devis usuels. Soit le tarif de l\u2019heure applicable par FTV multipli\u00e9 par le temps pass\u00e9 sur l\u2019objet par notre service technique pour \u00e9tablir le devis.<\/p>\n<p>Dans le cas o\u00f9 les appareils sont envoy\u00e9s chez un fournisseur, les frais de ce fournisseur lui seront ajout\u00e9s.<\/p>\n<p>En cas de non ex\u00e9cution du devis ces frais sont dus et un montant forfaitaire sera communiqu\u00e9 au client en cas de refus du devis.<\/p>\n<p>En aucun cas l\u2019ex\u00e9cution de la r\u00e9paration n\u2019annule les frais de devis pr\u00e9alables. C\u2019est \u00e0 bien plaire si FTV y consent.<\/p>\n<p><strong>Interventions \u00e0 distance ou conseils t\u00e9l\u00e9phoniques :<\/strong><\/p>\n<p>Dans le cas d\u2019une demande d\u2019intervention \u00e0 distance ou de renseignement par t\u00e9l\u00e9phone pour r\u00e9soudre un probl\u00e8me technique, FTV ne pourra \u00eatre tenue responsable des r\u00e9sultats sur ces m\u00e9thodes. Cette possibilit\u00e9, \u00e0 bien plaire, est ex\u00e9cut\u00e9e pour aider les clients sur un diagnostic rapide mais ne reste en rien une solution d\u00e9finitive de r\u00e9solution de panne.<\/p>\n<p>Les co\u00fbts horaires pour ces interventions \u00e0 distance peuvent \u00eatre factur\u00e9s au client s\u2019il ne poss\u00e8de aucun contrat sp\u00e9cifique avec FTV.<\/p>\n","protected":false},"excerpt":{"rendered":"<p>CGV Conditions g\u00e9n\u00e9rales de vente : Ces Conditions G\u00e9n\u00e9rales de Vente r\u00e9gissent les relations entre le client et ses repr\u00e9sentants<\/p>\n","protected":false},"author":1,"featured_media":0,"parent":0,"menu_order":0,"comment_status":"closed","ping_status":"closed","template":"","meta":{"footnotes":""},"class_list":["post-5523","page","type-page","status-publish","hentry"],"aioseo_notices":[],"_links":{"self":[{"href":"https:\/\/frequence-tv.ch\/en\/wp-json\/wp\/v2\/pages\/5523","targetHints":{"allow":["GET"]}}],"collection":[{"href":"https:\/\/frequence-tv.ch\/en\/wp-json\/wp\/v2\/pages"}],"about":[{"href":"https:\/\/frequence-tv.ch\/en\/wp-json\/wp\/v2\/types\/page"}],"author":[{"embeddable":true,"href":"https:\/\/frequence-tv.ch\/en\/wp-json\/wp\/v2\/users\/1"}],"replies":[{"embeddable":true,"href":"https:\/\/frequence-tv.ch\/en\/wp-json\/wp\/v2\/comments?post=5523"}],"version-history":[{"count":15,"href":"https:\/\/frequence-tv.ch\/en\/wp-json\/wp\/v2\/pages\/5523\/revisions"}],"predecessor-version":[{"id":6248,"href":"https:\/\/frequence-tv.ch\/en\/wp-json\/wp\/v2\/pages\/5523\/revisions\/6248"}],"wp:attachment":[{"href":"https:\/\/frequence-tv.ch\/en\/wp-json\/wp\/v2\/media?parent=5523"}],"curies":[{"name":"wp","href":"https:\/\/api.w.org\/{rel}","templated":true}]}}